{"id":5,"date":"2016-06-01T10:37:40","date_gmt":"2016-06-01T08:37:40","guid":{"rendered":"https:\/\/ingrid-steinmeister.de\/?page_id=5"},"modified":"2026-02-19T17:02:05","modified_gmt":"2026-02-19T16:02:05","slug":"vita-ausstellungen","status":"publish","type":"page","link":"https:\/\/ingrid-steinmeister.de\/?page_id=5","title":{"rendered":"Vita \/ Ausstellungen"},"content":{"rendered":"<div style=\"max-width: 400px;\"><img loading=\"lazy\" decoding=\"async\" class=\"alignnone size-medium wp-image-659\" src=\"https:\/\/ingrid-steinmeister.de\/wp-content\/uploads\/2016\/06\/009b-aus-e1495655556672-417x600.jpg\" alt=\"\" width=\"417\" height=\"600\" srcset=\"https:\/\/ingrid-steinmeister.de\/wp-content\/uploads\/2016\/06\/009b-aus-e1495655556672-417x600.jpg 417w, https:\/\/ingrid-steinmeister.de\/wp-content\/uploads\/2016\/06\/009b-aus-e1495655556672-834x1200.jpg 834w, https:\/\/ingrid-steinmeister.de\/wp-content\/uploads\/2016\/06\/009b-aus-e1495655556672-624x897.jpg 624w\" sizes=\"auto, (max-width: 417px) 100vw, 417px\" \/><\/div>\n<p><strong>Ingrid Steinmeister &#8211; K\u00fcnstlerische Vita<\/strong><\/p>\n<p>geboren in Berlin, Staatsexamen Jura in Berlin, juristische\/ politische Arbeit in<br \/>\nverschiedenen Institutionen, zum Teil im Ausland bei der<br \/>\nOECD, Paris und UNO, New York<\/p>\n<p><strong>Fotografische Ausbildung <\/strong><\/p>\n<table style=\"border: 0px none; font-size: 14px; color: black; width: 514px;\">\n<tbody>\n<tr>\n<td style=\"width: 83.1833px; border: 0px none;\">1997 &#8211; 1999<\/td>\n<td style=\"width: 410.817px; border: 0px none;\">W\u00e4hrend meines mehrj\u00e4hrigen beruflichen Auslandsaufenthaltes in New York Teilnahme am Professional<br \/>\nPhotography Course, New York Institute of Photography und am Course on Visual Thinking, New York University<\/td>\n<\/tr>\n<tr>\n<td style=\"width: 83.1833px; border: 0px none;\">2005 &#8211; 2009<\/td>\n<td style=\"width: 410.817px; border: 0px none;\">Teilnahme an Fotoseminaren an der UDK, FU und dem Photozentrum Gilberto Bosques in Berlin<\/td>\n<\/tr>\n<tr>\n<td style=\"width: 83.1833px; border: 0px none;\">2010<\/td>\n<td style=\"width: 410.817px; border: 0px none;\">Er\u00f6ffnung meines Ateliers in Kreuzberg und seitdem auch regelm\u00e4\u00dfige Pr\u00e4sentationen dort und in anderen Ausstellungsorten<\/td>\n<\/tr>\n<\/tbody>\n<\/table>\n<p><strong>Ausstellungen In New York:<\/strong><\/p>\n<p>2001\u00a0 <em>fading places <\/em> &#8211; The Salon, Leonard Street Loft<br \/>\n2003\u00a0 <em>on the move \u00a0<\/em> &#8211; Exchange Show ( Art Fair), Wallstreet<br \/>\n2004\u00a0 <em>empty spaces\u00a0<\/em> &#8211; The Salon, Leonard Street Loft<\/p>\n<p style=\"line-height: 1.71429; margin-bottom: 1.71429rem;\"><strong>Letzte Ausstellungen\u00a0 in Berlin\u00a0 &#8211;\u00a0 Auswahl:<\/strong><\/p>\n<p>2025 <em>Demontage &#8211; <\/em>Ausstellungsbeitrag,\u00a0 Festival der Kunstorte, Berlin <span style=\"font-size: 1rem;\">Adlerhalle<\/span><\/p>\n<p>2024 <em>Notre Dame reb\u00e2tir<\/em> &#8211; Ausstellungsbeitrag, Dragonerareal, Berlin<\/p>\n<p>2023 <em>Form und Farbe &#8211; Color and Shape,<\/em> Einzelausstellung, Art Kreuzberg, Berlin<\/p>\n<p>2023 <em>mix pixel &#8211; schwarz\/wei\u00df<\/em> Gruppenausstellung Dragonerareal , Berlin<\/p>\n<p>2022 <em>Skalitzer Stra\u00dfe, <\/em>Einzelausstellung, Art Kreuzberg, Berlin<br \/>\n2021 <em>Wald, <\/em>Atelierausstellung, Berlin<br \/>\n2020 <span style=\"font-size: 1rem;\">\u00a0<em>Neuaufnahmen<\/em>, Gemeinschaftsausstellung\u00a0 in der Gedok Galerie, Berlin<\/span><span style=\"font-size: 1rem;\"><br \/>\n2020\u00a0\u00a0<em style=\"font-size: 1rem;\">Mauern,\u00a0<\/em><span style=\"font-size: 1rem;\">Pr\u00e4sentation meiner Fotoserie\u00a0<\/span><em style=\"font-size: 1rem;\">\u00a0<\/em><span style=\"font-size: 1rem;\">in einer<br \/>\ngemeinsamen Ausstellung mit\u00a0der\u00a0Bildhauerin Margret Holz, Art Kreuzberg, Berlin<\/span><\/span><\/p>\n<p><span style=\"font-size: 1rem;\"><span style=\"font-size: 1rem;\">2020\u00a0 <em>Unter Menschen &#8211; allein, <\/em>Group show , Gerichtsh\u00f6fe Wedding, Berlin<br \/>\n2019\u00a0 <em>mental landscapes\u00a0<\/em>&#8211; Gruppenausstellung in der Gedok Galerie, Berlin <\/span><span style=\"font-size: 1rem;\"><br \/>\n2019 <em>light meets water &#8211; <\/em>Einzelausstellung<em>,\u00a0<\/em>Art Kreuzberg, Berlin<br \/>\n2017\u00a0 <em>Bei sich<\/em>\u00a0&#8211; <em>Frauen und Frauenpaare in ihren Wohnungen,<\/em> Atelier im Blauen Haus<br \/>\n2016\u00a0 <em>Unrast<\/em> &#8211; Gruppenausstellung, Kunstquartier Bethanien, Berlin<br \/>\n2016\u00a0 <em>Die Schuhmacher von Nizza<\/em> &#8211; Einzelausstellung, Art Kreuzberg, Berlin<br \/>\n2015\u00a0 <em>Lichtgebilde<\/em> &#8211; Schwartzsche Villa, Berlin<br \/>\n2014\u00a0 <em>Formationen<\/em> &#8211; Atelierausstellung, Berlin<br \/>\n2013\u00a0 <em>Fl\u00fcchtigkeiten<\/em> &#8211; Subway N.Y.C.,\u00a0 Einzelausstellung,\u00a0<\/span><\/span><span style=\"font-size: 1rem;\">Berlin <\/span><span style=\"font-size: 1rem;\">Aufbauhaus<br \/>\n<\/span><span style=\"font-size: 1rem;\"><span style=\"font-size: 1rem;\">2013\u00a0 <em>Bleiben und Vergehen<\/em> &#8211;\u00a0<\/span><\/span><span style=\"font-size: 1rem;\">Einzelausstellung, <\/span><span style=\"font-size: 1rem;\">Santander Bank, Berlin, Wittenbergplatz<br \/>\n<\/span><span style=\"font-size: 1rem;\"><span style=\"font-size: 1rem;\">2012\u00a0 <em>Abbau des Palastes der Republik<\/em> &#8211; Einzelausstellung,\u00a0<\/span><\/span><span style=\"font-size: 1rem;\">\u00a0<\/span><span style=\"font-size: 1rem;\">Aufbauhaus,\u00a0<\/span><span style=\"font-size: 1rem;\">Berlin <\/span><span style=\"font-size: 1rem;\">Moritzplatz<\/span><span style=\"font-size: 1rem;\">\u00a0\u00a0<\/span><\/p>\n<p><span style=\"font-size: 1rem;\"> \u00a0<\/span><strong>Preis:<\/strong> Deutscher Verband f\u00fcr Fotografie 2015<\/p>\n","protected":false},"excerpt":{"rendered":"<p>Ingrid Steinmeister &#8211; K\u00fcnstlerische Vita geboren in Berlin, Staatsexamen Jura in Berlin, juristische\/ politische Arbeit in verschiedenen Institutionen, zum Teil im Ausland bei der OECD, Paris und UNO, New York Fotografische Ausbildung 1997 &#8211; 1999 W\u00e4hrend meines mehrj\u00e4hrigen beruflichen Auslandsaufenthaltes in New York Teilnahme am Professional Photography Course, New York Institute of Photography und am [&hellip;]<\/p>\n","protected":false},"author":1,"featured_media":0,"parent":0,"menu_order":0,"comment_status":"closed","ping_status":"closed","template":"","meta":{"footnotes":""},"class_list":["post-5","page","type-page","status-publish","hentry"],"_links":{"self":[{"href":"https:\/\/ingrid-steinmeister.de\/index.php?rest_route=\/wp\/v2\/pages\/5","targetHints":{"allow":["GET"]}}],"collection":[{"href":"https:\/\/ingrid-steinmeister.de\/index.php?rest_route=\/wp\/v2\/pages"}],"about":[{"href":"https:\/\/ingrid-steinmeister.de\/index.php?rest_route=\/wp\/v2\/types\/page"}],"author":[{"embeddable":true,"href":"https:\/\/ingrid-steinmeister.de\/index.php?rest_route=\/wp\/v2\/users\/1"}],"replies":[{"embeddable":true,"href":"https:\/\/ingrid-steinmeister.de\/index.php?rest_route=%2Fwp%2Fv2%2Fcomments&post=5"}],"version-history":[{"count":4,"href":"https:\/\/ingrid-steinmeister.de\/index.php?rest_route=\/wp\/v2\/pages\/5\/revisions"}],"predecessor-version":[{"id":2348,"href":"https:\/\/ingrid-steinmeister.de\/index.php?rest_route=\/wp\/v2\/pages\/5\/revisions\/2348"}],"wp:attachment":[{"href":"https:\/\/ingrid-steinmeister.de\/index.php?rest_route=%2Fwp%2Fv2%2Fmedia&parent=5"}],"curies":[{"name":"wp","href":"https:\/\/api.w.org\/{rel}","templated":true}]}}